{"id":198,"date":"2025-05-23T10:50:48","date_gmt":"2025-05-23T08:50:48","guid":{"rendered":"https:\/\/dakkart.com\/wordpress\/?page_id=198"},"modified":"2025-09-19T10:23:52","modified_gmt":"2025-09-19T08:23:52","slug":"certyfikaty","status":"publish","type":"page","link":"https:\/\/dakkart.com\/wordpress\/certyfikaty","title":{"rendered":"Certyfikaty"},"content":{"rendered":"\n<figure class=\"wp-block-image size-full is-resized\"><img loading=\"lazy\" decoding=\"async\" src=\"https:\/\/dakkart.com\/wordpress\/wp-content\/uploads\/2025\/09\/Certyfikat-ISO-Dakkart-2025-clear.bmp\" alt=\"\" class=\"wp-image-225\" width=\"408\" height=\"579\"\/><\/figure>\n\n\n\n<ul class=\"wp-block-list\">\n<li>System zarz\u0105dzania \u015brodowiskowego &#8211; PN-EN ISO 14001:2015<\/li>\n\n\n\n<li>System zarz\u0105dzania bezpiecze\u0144stwem i higien\u0105 pracy &#8211; PN-EN ISO 45001:2024<\/li>\n\n\n\n<li>Kwalifikacje pracownik\u00f3w zabezpieczenia technicznego<\/li>\n\n\n\n<li>Uprawnienia budowlane do kierowania robotami budowlanymi<\/li>\n\n\n\n<li>PROMAT &#8211; systemy oddymiania i wentylacji PROMADUCT<\/li>\n\n\n\n<li>PROMAT &#8211; dylatacje ognioochronne, przepusty instalacyjne<\/li>\n\n\n\n<li>SINIAT &#8211; technologie suchej zabudowy<\/li>\n\n\n\n<li>Rusztowania budowlano-monta\u017cowe metalowe i aluminiowe &#8211; monta\u017c i demonta\u017c<\/li>\n\n\n\n<li>Uprawnienia do zajmowania si\u0119 eksploatacj\u0105 urz\u0105dze\u0144, instalacji i sieci elektroenergetyczne powy\u017cej 1 kV na stanowisku eksploatacji i dozoru<\/li>\n\n\n\n<li>Uprawnienia do zajmowania si\u0119 urz\u0105dzeniami wywarzaj\u0105cymi, przetwarzaj\u0105cymi, przesy\u0142aj\u0105cymi i zu\u017cywaj\u0105cymi ciep\u0142o powy\u017cej 50 kW<\/li>\n\n\n\n<li>Uprawniania do zajmowania si\u0119 urz\u0105dzeniami, instalacjami, sieciami gazowymi wytwarzaj\u0105cymi, przetwarzaj\u0105cymi, przesy\u0142aj\u0105cymi, magazynuj\u0105cymi i zu\u017cywaj\u0105cymi paliwa gazowe powy\u017cej 5 kPa<\/li>\n\n\n\n<li>Kwalifikacje do obs\u0142ugi urz\u0105dze\u0144 transportu bliskiego: w\u00f3zki jezdniowe podno\u015bnikowe ze zmiennym wysi\u0119giem i podesty ruchome<\/li>\n<\/ul>\n","protected":false},"excerpt":{"rendered":"","protected":false},"author":1,"featured_media":0,"parent":0,"menu_order":0,"comment_status":"closed","ping_status":"closed","template":"","meta":{"footnotes":""},"class_list":["post-198","page","type-page","status-publish","hentry"],"_links":{"self":[{"href":"https:\/\/dakkart.com\/wordpress\/wp-json\/wp\/v2\/pages\/198","targetHints":{"allow":["GET"]}}],"collection":[{"href":"https:\/\/dakkart.com\/wordpress\/wp-json\/wp\/v2\/pages"}],"about":[{"href":"https:\/\/dakkart.com\/wordpress\/wp-json\/wp\/v2\/types\/page"}],"author":[{"embeddable":true,"href":"https:\/\/dakkart.com\/wordpress\/wp-json\/wp\/v2\/users\/1"}],"replies":[{"embeddable":true,"href":"https:\/\/dakkart.com\/wordpress\/wp-json\/wp\/v2\/comments?post=198"}],"version-history":[{"count":4,"href":"https:\/\/dakkart.com\/wordpress\/wp-json\/wp\/v2\/pages\/198\/revisions"}],"predecessor-version":[{"id":226,"href":"https:\/\/dakkart.com\/wordpress\/wp-json\/wp\/v2\/pages\/198\/revisions\/226"}],"wp:attachment":[{"href":"https:\/\/dakkart.com\/wordpress\/wp-json\/wp\/v2\/media?parent=198"}],"curies":[{"name":"wp","href":"https:\/\/api.w.org\/{rel}","templated":true}]}}