{"id":219,"date":"2025-09-04T22:38:08","date_gmt":"2025-09-04T20:38:08","guid":{"rendered":"https:\/\/dakkart.com\/wordpress\/?page_id=219"},"modified":"2025-09-04T22:38:08","modified_gmt":"2025-09-04T20:38:08","slug":"dla-dostawcow","status":"publish","type":"page","link":"https:\/\/dakkart.com\/wordpress\/dla-dostawcow","title":{"rendered":"Dla dostawc\u00f3w"},"content":{"rendered":"\n<p><a href=\"https:\/\/dakkart.com\/wordpress\/wp-content\/uploads\/2025\/09\/wymagania_srodowiskowe_i_bhp_dla_dostawcow_i_podwykonawcow_03_2025.pdf\" data-type=\"attachment\" data-id=\"221\" target=\"_blank\" rel=\"noreferrer noopener\">Wymagania \u015brodowiskowe i BHP dla dostawc\u00f3w i podwykonawc\u00f3w<\/a><\/p>\n","protected":false},"excerpt":{"rendered":"<p>Wymagania \u015brodowiskowe i BHP dla dostawc\u00f3w i podwykonawc\u00f3w<\/p>\n","protected":false},"author":1,"featured_media":0,"parent":0,"menu_order":0,"comment_status":"closed","ping_status":"closed","template":"","meta":{"footnotes":""},"class_list":["post-219","page","type-page","status-publish","hentry"],"_links":{"self":[{"href":"https:\/\/dakkart.com\/wordpress\/wp-json\/wp\/v2\/pages\/219","targetHints":{"allow":["GET"]}}],"collection":[{"href":"https:\/\/dakkart.com\/wordpress\/wp-json\/wp\/v2\/pages"}],"about":[{"href":"https:\/\/dakkart.com\/wordpress\/wp-json\/wp\/v2\/types\/page"}],"author":[{"embeddable":true,"href":"https:\/\/dakkart.com\/wordpress\/wp-json\/wp\/v2\/users\/1"}],"replies":[{"embeddable":true,"href":"https:\/\/dakkart.com\/wordpress\/wp-json\/wp\/v2\/comments?post=219"}],"version-history":[{"count":2,"href":"https:\/\/dakkart.com\/wordpress\/wp-json\/wp\/v2\/pages\/219\/revisions"}],"predecessor-version":[{"id":222,"href":"https:\/\/dakkart.com\/wordpress\/wp-json\/wp\/v2\/pages\/219\/revisions\/222"}],"wp:attachment":[{"href":"https:\/\/dakkart.com\/wordpress\/wp-json\/wp\/v2\/media?parent=219"}],"curies":[{"name":"wp","href":"https:\/\/api.w.org\/{rel}","templated":true}]}}