{"id":232,"date":"2026-02-15T21:12:56","date_gmt":"2026-02-15T20:12:56","guid":{"rendered":"https:\/\/dakkart.com\/wordpress\/?page_id=232"},"modified":"2026-02-15T21:12:56","modified_gmt":"2026-02-15T20:12:56","slug":"rekrutacja","status":"publish","type":"page","link":"https:\/\/dakkart.com\/wordpress\/rekrutacja","title":{"rendered":"Rekrutacja"},"content":{"rendered":"\n<p><strong>Kierownik \/ Kierowniczka budowy<\/strong><\/p>\n\n\n\n<p>Umowa o prac\u0119<\/p>\n\n\n\n<p>Pe\u0142ny etat<\/p>\n\n\n\n<p>Praca mobilna<\/p>\n\n\n\n<p>Samoch\u00f3d s\u0142u\u017cbowy, komputer, telefon<\/p>\n\n\n\n<p><strong>Tw\u00f3j zakres obowi\u0105zk\u00f3w<\/strong><\/p>\n\n\n\n<ul class=\"wp-block-list\">\n<li>Praca na terenie Poznania i wojew\u00f3dztwa wielkopolskiego od poniedzia\u0142ku do pi\u0105tku<\/li>\n\n\n\n<li>Kierowanie budow\u0105<\/li>\n\n\n\n<li>Wsp\u00f3\u0142praca z Klientem oraz Inspektorami Nadzoru<\/li>\n\n\n\n<li>Prowadzenie dokumentacji formalnej Kontraktu w zakresie prowadzonych prac<\/li>\n\n\n\n<li>Kontrola bud\u017cetu budowy<\/li>\n\n\n\n<li>Wsp\u00f3\u0142praca i koordynacja Podwykonawc\u00f3w, dostawc\u00f3w, us\u0142ugodawc\u00f3w<\/li>\n\n\n\n<li>Sporz\u0105dzanie harmonogram\u00f3w rob\u00f3t oraz dba\u0142o\u015b\u0107 o ich terminow\u0105 realizacj\u0119<\/li>\n\n\n\n<li>Wsp\u00f3\u0142praca i koordynacja z innymi dzia\u0142ami firmy<\/li>\n<\/ul>\n\n\n\n<p><strong>Nasze wymagania<\/strong><\/p>\n\n\n\n<ul class=\"wp-block-list\">\n<li>Prawo jazdy kat. B<\/li>\n\n\n\n<li>Komunikatywno\u015b\u0107 i umiej\u0119tno\u015b\u0107 pracy w zespole<\/li>\n\n\n\n<li>Dyspozycyjno\u015b\u0107 \u2013 praca na budowach oraz w biurze<\/li>\n\n\n\n<li>Znajomo\u015b\u0107 programu AutoCad, pakietu MS Office<\/li>\n\n\n\n<li>Odpowiedzialno\u015b\u0107, sumienno\u015b\u0107 i zaanga\u017cowanie w realizacj\u0119 powierzonych zada\u0144<\/li>\n\n\n\n<li>Umiej\u0119tno\u015b\u0107 pracy w zespole<\/li>\n\n\n\n<li>Uprawnienia budowlane bez ogranicze\u0144 do kierowania robotami w specjalno\u015bci konstrukcyjno-budowlanej<\/li>\n<\/ul>\n\n\n\n<p><strong>To oferujemy<\/strong><\/p>\n\n\n\n<ul class=\"wp-block-list\">\n<li>Stabilne warunki zatrudnienia i wynagrodzenia (umowa o prac\u0119)<\/li>\n\n\n\n<li>Przyjazn\u0105 atmosfer\u0119 pracy w dynamicznie rozwijaj\u0105cej si\u0119 firmie<\/li>\n\n\n\n<li>D\u0142ugofalow\u0105 polityk\u0119 budowania kariery i pozyskania wiedzy bran\u017cowej<\/li>\n\n\n\n<li>Mo\u017cliwo\u015b\u0107 zdobycia do\u015bwiadczenia zawodowego<\/li>\n\n\n\n<li>Szkolenia zawodowe i dofinansowanie nauki<\/li>\n<\/ul>\n\n\n\n<p>email: biuro@dakkart.com<\/p>\n","protected":false},"excerpt":{"rendered":"<p>Kierownik \/ Kierowniczka budowy Umowa o prac\u0119 Pe\u0142ny etat Praca mobilna Samoch\u00f3d s\u0142u\u017cbowy, komputer, telefon Tw\u00f3j zakres obowi\u0105zk\u00f3w Nasze wymagania To oferujemy email: biuro@dakkart.com<\/p>\n","protected":false},"author":1,"featured_media":0,"parent":0,"menu_order":0,"comment_status":"closed","ping_status":"closed","template":"","meta":{"footnotes":""},"class_list":["post-232","page","type-page","status-publish","hentry"],"_links":{"self":[{"href":"https:\/\/dakkart.com\/wordpress\/wp-json\/wp\/v2\/pages\/232","targetHints":{"allow":["GET"]}}],"collection":[{"href":"https:\/\/dakkart.com\/wordpress\/wp-json\/wp\/v2\/pages"}],"about":[{"href":"https:\/\/dakkart.com\/wordpress\/wp-json\/wp\/v2\/types\/page"}],"author":[{"embeddable":true,"href":"https:\/\/dakkart.com\/wordpress\/wp-json\/wp\/v2\/users\/1"}],"replies":[{"embeddable":true,"href":"https:\/\/dakkart.com\/wordpress\/wp-json\/wp\/v2\/comments?post=232"}],"version-history":[{"count":1,"href":"https:\/\/dakkart.com\/wordpress\/wp-json\/wp\/v2\/pages\/232\/revisions"}],"predecessor-version":[{"id":233,"href":"https:\/\/dakkart.com\/wordpress\/wp-json\/wp\/v2\/pages\/232\/revisions\/233"}],"wp:attachment":[{"href":"https:\/\/dakkart.com\/wordpress\/wp-json\/wp\/v2\/media?parent=232"}],"curies":[{"name":"wp","href":"https:\/\/api.w.org\/{rel}","templated":true}]}}